{"id":19,"date":"2026-01-21T13:22:38","date_gmt":"2026-01-21T12:22:38","guid":{"rendered":"https:\/\/www.polstermoebelexperten.com\/?page_id=19"},"modified":"2026-02-14T11:31:05","modified_gmt":"2026-02-14T10:31:05","slug":"about-us","status":"publish","type":"page","link":"https:\/\/www.polstermoebelexperten.com\/en\/","title":{"rendered":"About us"},"content":{"rendered":"<div class=\"wp-block-group has-global-padding is-layout-constrained wp-block-group-is-layout-constrained\">\n<div class=\"wp-block-columns is-layout-flex wp-container-core-columns-is-layout-28f84493 wp-block-columns-is-layout-flex\">\n<div class=\"wp-block-column is-vertically-aligned-center is-layout-flow wp-block-column-is-layout-flow\">\n<p>For over 20 years, we have specialized in handling claims related to upholstered furniture. Whether on-site repairs, inspections, assessments, or precise measurements, we visit your customers directly and take care of every detail reliably.<\/p>\n\n\n\n<p>With several thousand successfully completed cases, high customer satisfaction, and an excellent completion rate, we provide exactly the expertise you need. Competent, experienced, and solution-oriented.<\/p>\n\n\n\n<p class=\"has-secondary-color has-text-color has-link-color wp-elements-1ac0c66ed977191f2f01e24f8a419586\">We work quickly, professionally, and efficiently. We take on your assignment and handle each case reliably through to completion, ensuring your customers\u2019 satisfaction.<\/p>\n\n\n\n<p>Our experienced team operates across Hungary, Germany, and Austria.<br>We look forward to a successful collaboration.<\/p>\n<\/div>\n\n\n\n<div class=\"wp-block-column is-vertically-aligned-center is-layout-flow wp-block-column-is-layout-flow\">\n<figure class=\"wp-block-image size-large\"><img loading=\"lazy\" decoding=\"async\" width=\"1024\" height=\"1024\" src=\"https:\/\/www.polstermoebelexperten.com\/wp-content\/uploads\/2026\/01\/uber-uns-country-map-1024x1024.webp\" alt=\"\" class=\"wp-image-123\" srcset=\"https:\/\/www.polstermoebelexperten.com\/wp-content\/uploads\/2026\/01\/uber-uns-country-map-1024x1024.webp 1024w, https:\/\/www.polstermoebelexperten.com\/wp-content\/uploads\/2026\/01\/uber-uns-country-map-300x300.webp 300w, https:\/\/www.polstermoebelexperten.com\/wp-content\/uploads\/2026\/01\/uber-uns-country-map-150x150.webp 150w, https:\/\/www.polstermoebelexperten.com\/wp-content\/uploads\/2026\/01\/uber-uns-country-map-768x768.webp 768w, https:\/\/www.polstermoebelexperten.com\/wp-content\/uploads\/2026\/01\/uber-uns-country-map-12x12.webp 12w, https:\/\/www.polstermoebelexperten.com\/wp-content\/uploads\/2026\/01\/uber-uns-country-map.webp 1277w\" sizes=\"auto, (max-width: 1024px) 100vw, 1024px\" \/><\/figure>\n<\/div>\n<\/div>\n<\/div>","protected":false},"excerpt":{"rendered":"<p>Seit \u00fcber 20 Jahren sind wir die Spezialisten f\u00fcr die Abwicklung von Polsterm\u00f6belreklamationen. Ob Vor-Ort-Reparaturen, Pr\u00fcfungen, Begutachtungen oder pr\u00e4zise Messungen \u2013 wir kommen direkt zu Ihren Kunden und k\u00fcmmern uns zuverl\u00e4ssig um jedes Detail. Mit mehreren tausend erfolgreich bearbeiteten F\u00e4llen, hoher Kundenzufriedenheit und einer exzellenten Erledigungsquote bieten wir genau das Know-how, das Sie brauchen. Kompetent, [&hellip;]<\/p>\n","protected":false},"author":1,"featured_media":0,"parent":0,"menu_order":0,"comment_status":"closed","ping_status":"closed","template":"page-no-title","meta":{"footnotes":""},"class_list":["post-19","page","type-page","status-publish","hentry"],"yoast_head":"<!-- This site is optimized with the Yoast SEO plugin v27.4 - https:\/\/yoast.com\/product\/yoast-seo-wordpress\/ -->\n<title>\u00dcber Uns - Polex Group Kft<\/title>\n<meta name=\"description\" content=\"Wir sind Polster Experten mit Spezialisierung auf Reparaturen vor Ort. Komplette Neupolsterung von M\u00f6beln, Lederarbeiten, N\u00e4harbeiten, Reparatur von Gestellen.\" \/>\n<meta name=\"robots\" content=\"index, follow, max-snippet:-1, max-image-preview:large, max-video-preview:-1\" \/>\n<link rel=\"canonical\" href=\"https:\/\/www.polstermoebelexperten.com\/en\/\" \/>\n<meta property=\"og:locale\" content=\"en_GB\" \/>\n<meta property=\"og:type\" content=\"article\" \/>\n<meta property=\"og:title\" content=\"\u00dcber Uns - Polex Group Kft\" \/>\n<meta property=\"og:description\" content=\"Wir sind Polster Experten mit Spezialisierung auf Reparaturen vor Ort. Komplette Neupolsterung von M\u00f6beln, Lederarbeiten, N\u00e4harbeiten, Reparatur von Gestellen.\" \/>\n<meta property=\"og:url\" content=\"https:\/\/www.polstermoebelexperten.com\/en\/\" \/>\n<meta property=\"og:site_name\" content=\"Polex Group Kft\" \/>\n<meta property=\"article:modified_time\" content=\"2026-02-14T10:31:05+00:00\" \/>\n<meta property=\"og:image\" content=\"https:\/\/www.polstermoebelexperten.com\/wp-content\/uploads\/2026\/01\/uber-uns-country-map.webp\" \/>\n\t<meta property=\"og:image:width\" content=\"1277\" \/>\n\t<meta property=\"og:image:height\" content=\"1277\" \/>\n\t<meta property=\"og:image:type\" content=\"image\/webp\" \/>\n<meta name=\"twitter:card\" content=\"summary_large_image\" \/>\n<meta name=\"twitter:label1\" content=\"Estimated reading time\" \/>\n\t<meta name=\"twitter:data1\" content=\"1 minute\" \/>\n<script type=\"application\/ld+json\" class=\"yoast-schema-graph\">{\"@context\":\"https:\\\/\\\/schema.org\",\"@graph\":[{\"@type\":\"WebPage\",\"@id\":\"https:\\\/\\\/www.polstermoebelexperten.com\\\/\",\"url\":\"https:\\\/\\\/www.polstermoebelexperten.com\\\/\",\"name\":\"\u00dcber Uns - Polex Group Kft\",\"isPartOf\":{\"@id\":\"https:\\\/\\\/www.polstermoebelexperten.com\\\/#website\"},\"primaryImageOfPage\":{\"@id\":\"https:\\\/\\\/www.polstermoebelexperten.com\\\/#primaryimage\"},\"image\":{\"@id\":\"https:\\\/\\\/www.polstermoebelexperten.com\\\/#primaryimage\"},\"thumbnailUrl\":\"https:\\\/\\\/www.polstermoebelexperten.com\\\/wp-content\\\/uploads\\\/2026\\\/01\\\/uber-uns-country-map-1024x1024.webp\",\"datePublished\":\"2026-01-21T12:22:38+00:00\",\"dateModified\":\"2026-02-14T10:31:05+00:00\",\"description\":\"Wir sind Polster Experten mit Spezialisierung auf Reparaturen vor Ort. Komplette Neupolsterung von M\u00f6beln, Lederarbeiten, N\u00e4harbeiten, Reparatur von Gestellen.\",\"breadcrumb\":{\"@id\":\"https:\\\/\\\/www.polstermoebelexperten.com\\\/#breadcrumb\"},\"inLanguage\":\"en-GB\",\"potentialAction\":[{\"@type\":\"ReadAction\",\"target\":[\"https:\\\/\\\/www.polstermoebelexperten.com\\\/\"]}]},{\"@type\":\"ImageObject\",\"inLanguage\":\"en-GB\",\"@id\":\"https:\\\/\\\/www.polstermoebelexperten.com\\\/#primaryimage\",\"url\":\"https:\\\/\\\/www.polstermoebelexperten.com\\\/wp-content\\\/uploads\\\/2026\\\/01\\\/uber-uns-country-map-1024x1024.webp\",\"contentUrl\":\"https:\\\/\\\/www.polstermoebelexperten.com\\\/wp-content\\\/uploads\\\/2026\\\/01\\\/uber-uns-country-map-1024x1024.webp\"},{\"@type\":\"BreadcrumbList\",\"@id\":\"https:\\\/\\\/www.polstermoebelexperten.com\\\/#breadcrumb\",\"itemListElement\":[{\"@type\":\"ListItem\",\"position\":1,\"name\":\"Kezd\u0151lap\",\"item\":\"https:\\\/\\\/www.polstermoebelexperten.com\\\/\"},{\"@type\":\"ListItem\",\"position\":2,\"name\":\"\u00dcber Uns\"}]},{\"@type\":\"WebSite\",\"@id\":\"https:\\\/\\\/www.polstermoebelexperten.com\\\/#website\",\"url\":\"https:\\\/\\\/www.polstermoebelexperten.com\\\/\",\"name\":\"Polex Group Kft\",\"description\":\"Wir sind Polster Experten mit Spezialisierung auf Reparaturen vor Ort. Komplette Neupolsterung von M\u00f6beln, Lederarbeiten, N\u00e4harbeiten, Reparatur von Gestellen.\",\"publisher\":{\"@id\":\"https:\\\/\\\/www.polstermoebelexperten.com\\\/#organization\"},\"alternateName\":\"Wir sind Polster Experten mit Spezialisierung auf Reparaturen vor Ort. Komplette Neupolsterung von M\u00f6beln, Lederarbeiten, N\u00e4harbeiten, Reparatur von Gestellen.\",\"potentialAction\":[{\"@type\":\"SearchAction\",\"target\":{\"@type\":\"EntryPoint\",\"urlTemplate\":\"https:\\\/\\\/www.polstermoebelexperten.com\\\/?s={search_term_string}\"},\"query-input\":{\"@type\":\"PropertyValueSpecification\",\"valueRequired\":true,\"valueName\":\"search_term_string\"}}],\"inLanguage\":\"en-GB\"},{\"@type\":\"Organization\",\"@id\":\"https:\\\/\\\/www.polstermoebelexperten.com\\\/#organization\",\"name\":\"Polex Group Kft.\",\"alternateName\":\"Polex Moebele Experten\",\"url\":\"https:\\\/\\\/www.polstermoebelexperten.com\\\/\",\"logo\":{\"@type\":\"ImageObject\",\"inLanguage\":\"en-GB\",\"@id\":\"https:\\\/\\\/www.polstermoebelexperten.com\\\/#\\\/schema\\\/logo\\\/image\\\/\",\"url\":\"https:\\\/\\\/www.polstermoebelexperten.com\\\/wp-content\\\/uploads\\\/2026\\\/01\\\/POLEX-logo.webp\",\"contentUrl\":\"https:\\\/\\\/www.polstermoebelexperten.com\\\/wp-content\\\/uploads\\\/2026\\\/01\\\/POLEX-logo.webp\",\"width\":567,\"height\":567,\"caption\":\"Polex Group Kft.\"},\"image\":{\"@id\":\"https:\\\/\\\/www.polstermoebelexperten.com\\\/#\\\/schema\\\/logo\\\/image\\\/\"}}]}<\/script>\n<!-- \/ Yoast SEO plugin. -->","yoast_head_json":{"title":"\u00dcber Uns - Polex Group Kft","description":"Wir sind Polster Experten mit Spezialisierung auf Reparaturen vor Ort. Komplette Neupolsterung von M\u00f6beln, Lederarbeiten, N\u00e4harbeiten, Reparatur von Gestellen.","robots":{"index":"index","follow":"follow","max-snippet":"max-snippet:-1","max-image-preview":"max-image-preview:large","max-video-preview":"max-video-preview:-1"},"canonical":"https:\/\/www.polstermoebelexperten.com\/en\/","og_locale":"en_GB","og_type":"article","og_title":"\u00dcber Uns - Polex Group Kft","og_description":"Wir sind Polster Experten mit Spezialisierung auf Reparaturen vor Ort. Komplette Neupolsterung von M\u00f6beln, Lederarbeiten, N\u00e4harbeiten, Reparatur von Gestellen.","og_url":"https:\/\/www.polstermoebelexperten.com\/en\/","og_site_name":"Polex Group Kft","article_modified_time":"2026-02-14T10:31:05+00:00","og_image":[{"width":1277,"height":1277,"url":"https:\/\/www.polstermoebelexperten.com\/wp-content\/uploads\/2026\/01\/uber-uns-country-map.webp","type":"image\/webp"}],"twitter_card":"summary_large_image","twitter_misc":{"Estimated reading time":"1 minute"},"schema":{"@context":"https:\/\/schema.org","@graph":[{"@type":"WebPage","@id":"https:\/\/www.polstermoebelexperten.com\/","url":"https:\/\/www.polstermoebelexperten.com\/","name":"\u00dcber Uns - Polex Group Kft","isPartOf":{"@id":"https:\/\/www.polstermoebelexperten.com\/#website"},"primaryImageOfPage":{"@id":"https:\/\/www.polstermoebelexperten.com\/#primaryimage"},"image":{"@id":"https:\/\/www.polstermoebelexperten.com\/#primaryimage"},"thumbnailUrl":"https:\/\/www.polstermoebelexperten.com\/wp-content\/uploads\/2026\/01\/uber-uns-country-map-1024x1024.webp","datePublished":"2026-01-21T12:22:38+00:00","dateModified":"2026-02-14T10:31:05+00:00","description":"Wir sind Polster Experten mit Spezialisierung auf Reparaturen vor Ort. Komplette Neupolsterung von M\u00f6beln, Lederarbeiten, N\u00e4harbeiten, Reparatur von Gestellen.","breadcrumb":{"@id":"https:\/\/www.polstermoebelexperten.com\/#breadcrumb"},"inLanguage":"en-GB","potentialAction":[{"@type":"ReadAction","target":["https:\/\/www.polstermoebelexperten.com\/"]}]},{"@type":"ImageObject","inLanguage":"en-GB","@id":"https:\/\/www.polstermoebelexperten.com\/#primaryimage","url":"https:\/\/www.polstermoebelexperten.com\/wp-content\/uploads\/2026\/01\/uber-uns-country-map-1024x1024.webp","contentUrl":"https:\/\/www.polstermoebelexperten.com\/wp-content\/uploads\/2026\/01\/uber-uns-country-map-1024x1024.webp"},{"@type":"BreadcrumbList","@id":"https:\/\/www.polstermoebelexperten.com\/#breadcrumb","itemListElement":[{"@type":"ListItem","position":1,"name":"Kezd\u0151lap","item":"https:\/\/www.polstermoebelexperten.com\/"},{"@type":"ListItem","position":2,"name":"\u00dcber Uns"}]},{"@type":"WebSite","@id":"https:\/\/www.polstermoebelexperten.com\/#website","url":"https:\/\/www.polstermoebelexperten.com\/","name":"Polex Group Kft","description":"Wir sind Polster Experten mit Spezialisierung auf Reparaturen vor Ort. Komplette Neupolsterung von M\u00f6beln, Lederarbeiten, N\u00e4harbeiten, Reparatur von Gestellen.","publisher":{"@id":"https:\/\/www.polstermoebelexperten.com\/#organization"},"alternateName":"Wir sind Polster Experten mit Spezialisierung auf Reparaturen vor Ort. Komplette Neupolsterung von M\u00f6beln, Lederarbeiten, N\u00e4harbeiten, Reparatur von Gestellen.","potentialAction":[{"@type":"SearchAction","target":{"@type":"EntryPoint","urlTemplate":"https:\/\/www.polstermoebelexperten.com\/?s={search_term_string}"},"query-input":{"@type":"PropertyValueSpecification","valueRequired":true,"valueName":"search_term_string"}}],"inLanguage":"en-GB"},{"@type":"Organization","@id":"https:\/\/www.polstermoebelexperten.com\/#organization","name":"Polex Group Kft.","alternateName":"Polex Moebele Experten","url":"https:\/\/www.polstermoebelexperten.com\/","logo":{"@type":"ImageObject","inLanguage":"en-GB","@id":"https:\/\/www.polstermoebelexperten.com\/#\/schema\/logo\/image\/","url":"https:\/\/www.polstermoebelexperten.com\/wp-content\/uploads\/2026\/01\/POLEX-logo.webp","contentUrl":"https:\/\/www.polstermoebelexperten.com\/wp-content\/uploads\/2026\/01\/POLEX-logo.webp","width":567,"height":567,"caption":"Polex Group Kft."},"image":{"@id":"https:\/\/www.polstermoebelexperten.com\/#\/schema\/logo\/image\/"}}]}},"_links":{"self":[{"href":"https:\/\/www.polstermoebelexperten.com\/en\/wp-json\/wp\/v2\/pages\/19","targetHints":{"allow":["GET"]}}],"collection":[{"href":"https:\/\/www.polstermoebelexperten.com\/en\/wp-json\/wp\/v2\/pages"}],"about":[{"href":"https:\/\/www.polstermoebelexperten.com\/en\/wp-json\/wp\/v2\/types\/page"}],"author":[{"embeddable":true,"href":"https:\/\/www.polstermoebelexperten.com\/en\/wp-json\/wp\/v2\/users\/1"}],"replies":[{"embeddable":true,"href":"https:\/\/www.polstermoebelexperten.com\/en\/wp-json\/wp\/v2\/comments?post=19"}],"version-history":[{"count":9,"href":"https:\/\/www.polstermoebelexperten.com\/en\/wp-json\/wp\/v2\/pages\/19\/revisions"}],"predecessor-version":[{"id":167,"href":"https:\/\/www.polstermoebelexperten.com\/en\/wp-json\/wp\/v2\/pages\/19\/revisions\/167"}],"wp:attachment":[{"href":"https:\/\/www.polstermoebelexperten.com\/en\/wp-json\/wp\/v2\/media?parent=19"}],"curies":[{"name":"wp","href":"https:\/\/api.w.org\/{rel}","templated":true}]}}