{"id":21,"date":"2026-01-21T13:22:49","date_gmt":"2026-01-21T12:22:49","guid":{"rendered":"https:\/\/www.polstermoebelexperten.com\/?page_id=21"},"modified":"2026-02-14T11:35:16","modified_gmt":"2026-02-14T10:35:16","slug":"services","status":"publish","type":"page","link":"https:\/\/www.polstermoebelexperten.com\/en\/leistungen\/","title":{"rendered":"Services"},"content":{"rendered":"<div class=\"wp-block-group has-global-padding is-layout-constrained wp-block-group-is-layout-constrained\">\n<div class=\"wp-block-columns is-layout-flex wp-container-core-columns-is-layout-28f84493 wp-block-columns-is-layout-flex\">\n<div class=\"wp-block-column is-vertically-aligned-center is-layout-flow wp-block-column-is-layout-flow\">\n<p>Our technicians are upholstery experts specializing in on-site repairs. They handle both straightforward and complex assignments.<\/p>\n\n\n\n<p>This includes complete&nbsp;<span style=\"color: #B5C984;\">reupholstering<\/span>&nbsp;of upholstered furniture,&nbsp;<span style=\"color: #B5C984;\">leather work, sewing repairs, repair of broken frames,<\/span> replacement of&nbsp;<span style=\"color: #B5C984;\">fittings and hardware,<\/span>&nbsp;precise on-site<span style=\"color: #B5C984;\">measurements.<\/span><\/p>\n\n\n<\/div>\n\n\n\n<div class=\"wp-block-column is-vertically-aligned-center is-layout-flow wp-block-column-is-layout-flow\">\n<swiper-container class=\"wp-block-cb-slides\" navigation=\"true\" autoplay autoplay-delay=\"3500\" data-onslide=\"true\" data-focus=\"true\" slides-per-view=\"1\" slides-per-group=\"1\" space-between=\"0\" speed=\"600\" auto-height=\"true\" loop preload-images=\"true\" breakpoints=\"{&quot;0&quot;:{&quot;slidesPerView&quot;:1,&quot;spaceBetween&quot;:0},&quot;480&quot;:{&quot;slidesPerView&quot;:1,&quot;spaceBetween&quot;:0},&quot;1024&quot;:{&quot;slidesPerView&quot;:1,&quot;spaceBetween&quot;:0}}\">\n<swiper-slide class=\"wp-block-cb-slide slide\">\n<figure class=\"wp-block-image size-full\"><img loading=\"lazy\" decoding=\"async\" width=\"1000\" height=\"1001\" src=\"https:\/\/www.polstermoebelexperten.com\/wp-content\/uploads\/2026\/02\/02.png\" alt=\"\" class=\"wp-image-143\" srcset=\"https:\/\/www.polstermoebelexperten.com\/wp-content\/uploads\/2026\/02\/02.png 1000w, https:\/\/www.polstermoebelexperten.com\/wp-content\/uploads\/2026\/02\/02-300x300.png 300w, https:\/\/www.polstermoebelexperten.com\/wp-content\/uploads\/2026\/02\/02-150x150.png 150w, https:\/\/www.polstermoebelexperten.com\/wp-content\/uploads\/2026\/02\/02-768x769.png 768w, https:\/\/www.polstermoebelexperten.com\/wp-content\/uploads\/2026\/02\/02-12x12.png 12w\" sizes=\"auto, (max-width: 1000px) 100vw, 1000px\" \/><\/figure>\n<\/swiper-slide>\n\n\n\n<swiper-slide class=\"wp-block-cb-slide slide\">\n<figure class=\"wp-block-image size-full\"><img loading=\"lazy\" decoding=\"async\" width=\"1000\" height=\"1001\" src=\"https:\/\/www.polstermoebelexperten.com\/wp-content\/uploads\/2026\/02\/03.png\" alt=\"\" class=\"wp-image-145\" srcset=\"https:\/\/www.polstermoebelexperten.com\/wp-content\/uploads\/2026\/02\/03.png 1000w, https:\/\/www.polstermoebelexperten.com\/wp-content\/uploads\/2026\/02\/03-300x300.png 300w, https:\/\/www.polstermoebelexperten.com\/wp-content\/uploads\/2026\/02\/03-150x150.png 150w, https:\/\/www.polstermoebelexperten.com\/wp-content\/uploads\/2026\/02\/03-768x769.png 768w, https:\/\/www.polstermoebelexperten.com\/wp-content\/uploads\/2026\/02\/03-12x12.png 12w\" sizes=\"auto, (max-width: 1000px) 100vw, 1000px\" \/><\/figure>\n<\/swiper-slide>\n\n\n\n<swiper-slide class=\"wp-block-cb-slide slide\">\n<figure class=\"wp-block-image size-full\"><img loading=\"lazy\" decoding=\"async\" width=\"1000\" height=\"1001\" src=\"https:\/\/www.polstermoebelexperten.com\/wp-content\/uploads\/2026\/02\/004.png\" alt=\"\" class=\"wp-image-160\" srcset=\"https:\/\/www.polstermoebelexperten.com\/wp-content\/uploads\/2026\/02\/004.png 1000w, https:\/\/www.polstermoebelexperten.com\/wp-content\/uploads\/2026\/02\/004-300x300.png 300w, https:\/\/www.polstermoebelexperten.com\/wp-content\/uploads\/2026\/02\/004-150x150.png 150w, https:\/\/www.polstermoebelexperten.com\/wp-content\/uploads\/2026\/02\/004-768x769.png 768w, https:\/\/www.polstermoebelexperten.com\/wp-content\/uploads\/2026\/02\/004-12x12.png 12w\" sizes=\"auto, (max-width: 1000px) 100vw, 1000px\" \/><\/figure>\n<\/swiper-slide>\n\n\n\n<swiper-slide class=\"wp-block-cb-slide slide\">\n<figure class=\"wp-block-image size-full\"><img loading=\"lazy\" decoding=\"async\" width=\"1000\" height=\"1001\" src=\"https:\/\/www.polstermoebelexperten.com\/wp-content\/uploads\/2026\/02\/05.png\" alt=\"\" class=\"wp-image-150\" srcset=\"https:\/\/www.polstermoebelexperten.com\/wp-content\/uploads\/2026\/02\/05.png 1000w, https:\/\/www.polstermoebelexperten.com\/wp-content\/uploads\/2026\/02\/05-300x300.png 300w, https:\/\/www.polstermoebelexperten.com\/wp-content\/uploads\/2026\/02\/05-150x150.png 150w, https:\/\/www.polstermoebelexperten.com\/wp-content\/uploads\/2026\/02\/05-768x769.png 768w, https:\/\/www.polstermoebelexperten.com\/wp-content\/uploads\/2026\/02\/05-12x12.png 12w\" sizes=\"auto, (max-width: 1000px) 100vw, 1000px\" \/><\/figure>\n<\/swiper-slide>\n\n\n\n<swiper-slide class=\"wp-block-cb-slide slide\">\n<figure class=\"wp-block-image size-full\"><img loading=\"lazy\" decoding=\"async\" width=\"1000\" height=\"1001\" src=\"https:\/\/www.polstermoebelexperten.com\/wp-content\/uploads\/2026\/02\/07.png\" alt=\"\" class=\"wp-image-152\" srcset=\"https:\/\/www.polstermoebelexperten.com\/wp-content\/uploads\/2026\/02\/07.png 1000w, https:\/\/www.polstermoebelexperten.com\/wp-content\/uploads\/2026\/02\/07-300x300.png 300w, https:\/\/www.polstermoebelexperten.com\/wp-content\/uploads\/2026\/02\/07-150x150.png 150w, https:\/\/www.polstermoebelexperten.com\/wp-content\/uploads\/2026\/02\/07-768x769.png 768w, https:\/\/www.polstermoebelexperten.com\/wp-content\/uploads\/2026\/02\/07-12x12.png 12w\" sizes=\"auto, (max-width: 1000px) 100vw, 1000px\" \/><\/figure>\n<\/swiper-slide>\n\n\n\n<swiper-slide class=\"wp-block-cb-slide slide\">\n<figure class=\"wp-block-image size-full\"><img loading=\"lazy\" decoding=\"async\" width=\"1000\" height=\"1001\" src=\"https:\/\/www.polstermoebelexperten.com\/wp-content\/uploads\/2026\/02\/08.png\" alt=\"\" class=\"wp-image-153\" srcset=\"https:\/\/www.polstermoebelexperten.com\/wp-content\/uploads\/2026\/02\/08.png 1000w, https:\/\/www.polstermoebelexperten.com\/wp-content\/uploads\/2026\/02\/08-300x300.png 300w, https:\/\/www.polstermoebelexperten.com\/wp-content\/uploads\/2026\/02\/08-150x150.png 150w, https:\/\/www.polstermoebelexperten.com\/wp-content\/uploads\/2026\/02\/08-768x769.png 768w, https:\/\/www.polstermoebelexperten.com\/wp-content\/uploads\/2026\/02\/08-12x12.png 12w\" sizes=\"auto, (max-width: 1000px) 100vw, 1000px\" \/><\/figure>\n<\/swiper-slide>\n\n\n\n<swiper-slide class=\"wp-block-cb-slide slide\">\n<figure class=\"wp-block-image size-full\"><img loading=\"lazy\" decoding=\"async\" width=\"1000\" height=\"1001\" src=\"https:\/\/www.polstermoebelexperten.com\/wp-content\/uploads\/2026\/02\/09.png\" alt=\"\" class=\"wp-image-154\" srcset=\"https:\/\/www.polstermoebelexperten.com\/wp-content\/uploads\/2026\/02\/09.png 1000w, https:\/\/www.polstermoebelexperten.com\/wp-content\/uploads\/2026\/02\/09-300x300.png 300w, https:\/\/www.polstermoebelexperten.com\/wp-content\/uploads\/2026\/02\/09-150x150.png 150w, https:\/\/www.polstermoebelexperten.com\/wp-content\/uploads\/2026\/02\/09-768x769.png 768w, https:\/\/www.polstermoebelexperten.com\/wp-content\/uploads\/2026\/02\/09-12x12.png 12w\" sizes=\"auto, (max-width: 1000px) 100vw, 1000px\" \/><\/figure>\n<\/swiper-slide>\n\n\n\n<swiper-slide class=\"wp-block-cb-slide slide\">\n<figure class=\"wp-block-image size-full\"><img loading=\"lazy\" decoding=\"async\" width=\"1000\" height=\"1001\" src=\"https:\/\/www.polstermoebelexperten.com\/wp-content\/uploads\/2026\/02\/10.png\" alt=\"\" class=\"wp-image-155\" srcset=\"https:\/\/www.polstermoebelexperten.com\/wp-content\/uploads\/2026\/02\/10.png 1000w, https:\/\/www.polstermoebelexperten.com\/wp-content\/uploads\/2026\/02\/10-300x300.png 300w, https:\/\/www.polstermoebelexperten.com\/wp-content\/uploads\/2026\/02\/10-150x150.png 150w, https:\/\/www.polstermoebelexperten.com\/wp-content\/uploads\/2026\/02\/10-768x769.png 768w, https:\/\/www.polstermoebelexperten.com\/wp-content\/uploads\/2026\/02\/10-12x12.png 12w\" sizes=\"auto, (max-width: 1000px) 100vw, 1000px\" \/><\/figure>\n<\/swiper-slide>\n\n\n\n<swiper-slide class=\"wp-block-cb-slide slide\">\n<figure class=\"wp-block-image size-full\"><img loading=\"lazy\" decoding=\"async\" width=\"1000\" height=\"1001\" src=\"https:\/\/www.polstermoebelexperten.com\/wp-content\/uploads\/2026\/02\/13.png\" alt=\"\" class=\"wp-image-156\" srcset=\"https:\/\/www.polstermoebelexperten.com\/wp-content\/uploads\/2026\/02\/13.png 1000w, https:\/\/www.polstermoebelexperten.com\/wp-content\/uploads\/2026\/02\/13-300x300.png 300w, https:\/\/www.polstermoebelexperten.com\/wp-content\/uploads\/2026\/02\/13-150x150.png 150w, https:\/\/www.polstermoebelexperten.com\/wp-content\/uploads\/2026\/02\/13-768x769.png 768w, https:\/\/www.polstermoebelexperten.com\/wp-content\/uploads\/2026\/02\/13-12x12.png 12w\" sizes=\"auto, (max-width: 1000px) 100vw, 1000px\" \/><\/figure>\n<\/swiper-slide>\n\n\n\n<swiper-slide class=\"wp-block-cb-slide slide\">\n<figure class=\"wp-block-image size-full\"><img loading=\"lazy\" decoding=\"async\" width=\"1000\" height=\"1001\" src=\"https:\/\/www.polstermoebelexperten.com\/wp-content\/uploads\/2026\/02\/14.png\" alt=\"\" class=\"wp-image-157\" srcset=\"https:\/\/www.polstermoebelexperten.com\/wp-content\/uploads\/2026\/02\/14.png 1000w, https:\/\/www.polstermoebelexperten.com\/wp-content\/uploads\/2026\/02\/14-300x300.png 300w, https:\/\/www.polstermoebelexperten.com\/wp-content\/uploads\/2026\/02\/14-150x150.png 150w, https:\/\/www.polstermoebelexperten.com\/wp-content\/uploads\/2026\/02\/14-768x769.png 768w, https:\/\/www.polstermoebelexperten.com\/wp-content\/uploads\/2026\/02\/14-12x12.png 12w\" sizes=\"auto, (max-width: 1000px) 100vw, 1000px\" \/><\/figure>\n<\/swiper-slide>\n\n\n\n<swiper-slide class=\"wp-block-cb-slide slide\">\n<figure class=\"wp-block-image size-full\"><img loading=\"lazy\" decoding=\"async\" width=\"1000\" height=\"1001\" src=\"https:\/\/www.polstermoebelexperten.com\/wp-content\/uploads\/2026\/02\/15.png\" alt=\"\" class=\"wp-image-158\" srcset=\"https:\/\/www.polstermoebelexperten.com\/wp-content\/uploads\/2026\/02\/15.png 1000w, https:\/\/www.polstermoebelexperten.com\/wp-content\/uploads\/2026\/02\/15-300x300.png 300w, https:\/\/www.polstermoebelexperten.com\/wp-content\/uploads\/2026\/02\/15-150x150.png 150w, https:\/\/www.polstermoebelexperten.com\/wp-content\/uploads\/2026\/02\/15-768x769.png 768w, https:\/\/www.polstermoebelexperten.com\/wp-content\/uploads\/2026\/02\/15-12x12.png 12w\" sizes=\"auto, (max-width: 1000px) 100vw, 1000px\" \/><\/figure>\n<\/swiper-slide>\n<\/swiper-container>\n<\/div>\n<\/div>\n<\/div>","protected":false},"excerpt":{"rendered":"<p>Unsere Techniker sind auf Vor-Ort-Reparaturen spezialisierte Polsterexperten, die sowohl einfache als auch komplexe Arbeiten \u00fcbernehmen. Ob komplette&nbsp;Neubez\u00fcge&nbsp;von Polsterm\u00f6beln,&nbsp;Lederbearbeitung, N\u00e4harbeiten, Reparatur gebrochener Gestelle, Austausch von&nbsp;Beschl\u00e4gen&nbsp;oder pr\u00e4zise Vor-Ort-Messungen.<\/p>","protected":false},"author":1,"featured_media":0,"parent":0,"menu_order":0,"comment_status":"closed","ping_status":"closed","template":"page-no-title","meta":{"footnotes":""},"class_list":["post-21","page","type-page","status-publish","hentry"],"yoast_head":"<!-- This site is optimized with the Yoast SEO plugin v27.4 - https:\/\/yoast.com\/product\/yoast-seo-wordpress\/ -->\n<title>Leistungen - Polex Group Kft<\/title>\n<meta name=\"description\" content=\"Wir sind Polsterexperten mit Spezialisierung auf Reparaturen vor Ort. Komplette Neupolsterung von M\u00f6beln, Lederarbeiten, N\u00e4harbeiten, Reparatur von Gestellen? Wir helfen Ihnen gerne!\" \/>\n<meta name=\"robots\" content=\"index, follow, max-snippet:-1, max-image-preview:large, max-video-preview:-1\" \/>\n<link rel=\"canonical\" href=\"https:\/\/www.polstermoebelexperten.com\/en\/services\/\" \/>\n<meta property=\"og:locale\" content=\"en_GB\" \/>\n<meta property=\"og:type\" content=\"article\" \/>\n<meta property=\"og:title\" content=\"Leistungen - Polex Group Kft\" \/>\n<meta property=\"og:description\" content=\"Wir sind Polsterexperten mit Spezialisierung auf Reparaturen vor Ort. Komplette Neupolsterung von M\u00f6beln, Lederarbeiten, N\u00e4harbeiten, Reparatur von Gestellen? Wir helfen Ihnen gerne!\" \/>\n<meta property=\"og:url\" content=\"https:\/\/www.polstermoebelexperten.com\/en\/services\/\" \/>\n<meta property=\"og:site_name\" content=\"Polex Group Kft\" \/>\n<meta property=\"article:modified_time\" content=\"2026-02-14T10:35:16+00:00\" \/>\n<meta property=\"og:image\" content=\"https:\/\/www.polstermoebelexperten.com\/wp-content\/uploads\/2026\/02\/02.png\" \/>\n\t<meta property=\"og:image:width\" content=\"1000\" \/>\n\t<meta property=\"og:image:height\" content=\"1001\" \/>\n\t<meta property=\"og:image:type\" content=\"image\/png\" \/>\n<meta name=\"twitter:card\" content=\"summary_large_image\" \/>\n<meta name=\"twitter:label1\" content=\"Estimated reading time\" \/>\n\t<meta name=\"twitter:data1\" content=\"3 minutes\" \/>\n<script type=\"application\/ld+json\" class=\"yoast-schema-graph\">{\"@context\":\"https:\\\/\\\/schema.org\",\"@graph\":[{\"@type\":\"WebPage\",\"@id\":\"https:\\\/\\\/www.polstermoebelexperten.com\\\/leistungen\\\/\",\"url\":\"https:\\\/\\\/www.polstermoebelexperten.com\\\/leistungen\\\/\",\"name\":\"Leistungen - Polex Group Kft\",\"isPartOf\":{\"@id\":\"https:\\\/\\\/www.polstermoebelexperten.com\\\/#website\"},\"primaryImageOfPage\":{\"@id\":\"https:\\\/\\\/www.polstermoebelexperten.com\\\/leistungen\\\/#primaryimage\"},\"image\":{\"@id\":\"https:\\\/\\\/www.polstermoebelexperten.com\\\/leistungen\\\/#primaryimage\"},\"thumbnailUrl\":\"https:\\\/\\\/www.polstermoebelexperten.com\\\/wp-content\\\/uploads\\\/2026\\\/02\\\/02.png\",\"datePublished\":\"2026-01-21T12:22:49+00:00\",\"dateModified\":\"2026-02-14T10:35:16+00:00\",\"description\":\"Wir sind Polsterexperten mit Spezialisierung auf Reparaturen vor Ort. Komplette Neupolsterung von M\u00f6beln, Lederarbeiten, N\u00e4harbeiten, Reparatur von Gestellen? Wir helfen Ihnen gerne!\",\"breadcrumb\":{\"@id\":\"https:\\\/\\\/www.polstermoebelexperten.com\\\/leistungen\\\/#breadcrumb\"},\"inLanguage\":\"en-GB\",\"potentialAction\":[{\"@type\":\"ReadAction\",\"target\":[\"https:\\\/\\\/www.polstermoebelexperten.com\\\/leistungen\\\/\"]}]},{\"@type\":\"ImageObject\",\"inLanguage\":\"en-GB\",\"@id\":\"https:\\\/\\\/www.polstermoebelexperten.com\\\/leistungen\\\/#primaryimage\",\"url\":\"https:\\\/\\\/www.polstermoebelexperten.com\\\/wp-content\\\/uploads\\\/2026\\\/02\\\/02.png\",\"contentUrl\":\"https:\\\/\\\/www.polstermoebelexperten.com\\\/wp-content\\\/uploads\\\/2026\\\/02\\\/02.png\"},{\"@type\":\"BreadcrumbList\",\"@id\":\"https:\\\/\\\/www.polstermoebelexperten.com\\\/leistungen\\\/#breadcrumb\",\"itemListElement\":[{\"@type\":\"ListItem\",\"position\":1,\"name\":\"Kezd\u0151lap\",\"item\":\"https:\\\/\\\/www.polstermoebelexperten.com\\\/\"},{\"@type\":\"ListItem\",\"position\":2,\"name\":\"Leistungen\"}]},{\"@type\":\"WebSite\",\"@id\":\"https:\\\/\\\/www.polstermoebelexperten.com\\\/#website\",\"url\":\"https:\\\/\\\/www.polstermoebelexperten.com\\\/\",\"name\":\"Polex Group Kft\",\"description\":\"Wir sind Polster Experten mit Spezialisierung auf Reparaturen vor Ort. Komplette Neupolsterung von M\u00f6beln, Lederarbeiten, N\u00e4harbeiten, Reparatur von Gestellen.\",\"publisher\":{\"@id\":\"https:\\\/\\\/www.polstermoebelexperten.com\\\/#organization\"},\"alternateName\":\"Wir sind Polster Experten mit Spezialisierung auf Reparaturen vor Ort. Komplette Neupolsterung von M\u00f6beln, Lederarbeiten, N\u00e4harbeiten, Reparatur von Gestellen.\",\"potentialAction\":[{\"@type\":\"SearchAction\",\"target\":{\"@type\":\"EntryPoint\",\"urlTemplate\":\"https:\\\/\\\/www.polstermoebelexperten.com\\\/?s={search_term_string}\"},\"query-input\":{\"@type\":\"PropertyValueSpecification\",\"valueRequired\":true,\"valueName\":\"search_term_string\"}}],\"inLanguage\":\"en-GB\"},{\"@type\":\"Organization\",\"@id\":\"https:\\\/\\\/www.polstermoebelexperten.com\\\/#organization\",\"name\":\"Polex Group Kft.\",\"alternateName\":\"Polex Moebele Experten\",\"url\":\"https:\\\/\\\/www.polstermoebelexperten.com\\\/\",\"logo\":{\"@type\":\"ImageObject\",\"inLanguage\":\"en-GB\",\"@id\":\"https:\\\/\\\/www.polstermoebelexperten.com\\\/#\\\/schema\\\/logo\\\/image\\\/\",\"url\":\"https:\\\/\\\/www.polstermoebelexperten.com\\\/wp-content\\\/uploads\\\/2026\\\/01\\\/POLEX-logo.webp\",\"contentUrl\":\"https:\\\/\\\/www.polstermoebelexperten.com\\\/wp-content\\\/uploads\\\/2026\\\/01\\\/POLEX-logo.webp\",\"width\":567,\"height\":567,\"caption\":\"Polex Group Kft.\"},\"image\":{\"@id\":\"https:\\\/\\\/www.polstermoebelexperten.com\\\/#\\\/schema\\\/logo\\\/image\\\/\"}}]}<\/script>\n<!-- \/ Yoast SEO plugin. -->","yoast_head_json":{"title":"Leistungen - Polex Group Kft","description":"Wir sind Polsterexperten mit Spezialisierung auf Reparaturen vor Ort. Komplette Neupolsterung von M\u00f6beln, Lederarbeiten, N\u00e4harbeiten, Reparatur von Gestellen? Wir helfen Ihnen gerne!","robots":{"index":"index","follow":"follow","max-snippet":"max-snippet:-1","max-image-preview":"max-image-preview:large","max-video-preview":"max-video-preview:-1"},"canonical":"https:\/\/www.polstermoebelexperten.com\/en\/services\/","og_locale":"en_GB","og_type":"article","og_title":"Leistungen - Polex Group Kft","og_description":"Wir sind Polsterexperten mit Spezialisierung auf Reparaturen vor Ort. Komplette Neupolsterung von M\u00f6beln, Lederarbeiten, N\u00e4harbeiten, Reparatur von Gestellen? Wir helfen Ihnen gerne!","og_url":"https:\/\/www.polstermoebelexperten.com\/en\/services\/","og_site_name":"Polex Group Kft","article_modified_time":"2026-02-14T10:35:16+00:00","og_image":[{"width":1000,"height":1001,"url":"https:\/\/www.polstermoebelexperten.com\/wp-content\/uploads\/2026\/02\/02.png","type":"image\/png"}],"twitter_card":"summary_large_image","twitter_misc":{"Estimated reading time":"3 minutes"},"schema":{"@context":"https:\/\/schema.org","@graph":[{"@type":"WebPage","@id":"https:\/\/www.polstermoebelexperten.com\/leistungen\/","url":"https:\/\/www.polstermoebelexperten.com\/leistungen\/","name":"Leistungen - Polex Group Kft","isPartOf":{"@id":"https:\/\/www.polstermoebelexperten.com\/#website"},"primaryImageOfPage":{"@id":"https:\/\/www.polstermoebelexperten.com\/leistungen\/#primaryimage"},"image":{"@id":"https:\/\/www.polstermoebelexperten.com\/leistungen\/#primaryimage"},"thumbnailUrl":"https:\/\/www.polstermoebelexperten.com\/wp-content\/uploads\/2026\/02\/02.png","datePublished":"2026-01-21T12:22:49+00:00","dateModified":"2026-02-14T10:35:16+00:00","description":"Wir sind Polsterexperten mit Spezialisierung auf Reparaturen vor Ort. Komplette Neupolsterung von M\u00f6beln, Lederarbeiten, N\u00e4harbeiten, Reparatur von Gestellen? Wir helfen Ihnen gerne!","breadcrumb":{"@id":"https:\/\/www.polstermoebelexperten.com\/leistungen\/#breadcrumb"},"inLanguage":"en-GB","potentialAction":[{"@type":"ReadAction","target":["https:\/\/www.polstermoebelexperten.com\/leistungen\/"]}]},{"@type":"ImageObject","inLanguage":"en-GB","@id":"https:\/\/www.polstermoebelexperten.com\/leistungen\/#primaryimage","url":"https:\/\/www.polstermoebelexperten.com\/wp-content\/uploads\/2026\/02\/02.png","contentUrl":"https:\/\/www.polstermoebelexperten.com\/wp-content\/uploads\/2026\/02\/02.png"},{"@type":"BreadcrumbList","@id":"https:\/\/www.polstermoebelexperten.com\/leistungen\/#breadcrumb","itemListElement":[{"@type":"ListItem","position":1,"name":"Kezd\u0151lap","item":"https:\/\/www.polstermoebelexperten.com\/"},{"@type":"ListItem","position":2,"name":"Leistungen"}]},{"@type":"WebSite","@id":"https:\/\/www.polstermoebelexperten.com\/#website","url":"https:\/\/www.polstermoebelexperten.com\/","name":"Polex Group Kft","description":"Wir sind Polster Experten mit Spezialisierung auf Reparaturen vor Ort. Komplette Neupolsterung von M\u00f6beln, Lederarbeiten, N\u00e4harbeiten, Reparatur von Gestellen.","publisher":{"@id":"https:\/\/www.polstermoebelexperten.com\/#organization"},"alternateName":"Wir sind Polster Experten mit Spezialisierung auf Reparaturen vor Ort. Komplette Neupolsterung von M\u00f6beln, Lederarbeiten, N\u00e4harbeiten, Reparatur von Gestellen.","potentialAction":[{"@type":"SearchAction","target":{"@type":"EntryPoint","urlTemplate":"https:\/\/www.polstermoebelexperten.com\/?s={search_term_string}"},"query-input":{"@type":"PropertyValueSpecification","valueRequired":true,"valueName":"search_term_string"}}],"inLanguage":"en-GB"},{"@type":"Organization","@id":"https:\/\/www.polstermoebelexperten.com\/#organization","name":"Polex Group Kft.","alternateName":"Polex Moebele Experten","url":"https:\/\/www.polstermoebelexperten.com\/","logo":{"@type":"ImageObject","inLanguage":"en-GB","@id":"https:\/\/www.polstermoebelexperten.com\/#\/schema\/logo\/image\/","url":"https:\/\/www.polstermoebelexperten.com\/wp-content\/uploads\/2026\/01\/POLEX-logo.webp","contentUrl":"https:\/\/www.polstermoebelexperten.com\/wp-content\/uploads\/2026\/01\/POLEX-logo.webp","width":567,"height":567,"caption":"Polex Group Kft."},"image":{"@id":"https:\/\/www.polstermoebelexperten.com\/#\/schema\/logo\/image\/"}}]}},"_links":{"self":[{"href":"https:\/\/www.polstermoebelexperten.com\/en\/wp-json\/wp\/v2\/pages\/21","targetHints":{"allow":["GET"]}}],"collection":[{"href":"https:\/\/www.polstermoebelexperten.com\/en\/wp-json\/wp\/v2\/pages"}],"about":[{"href":"https:\/\/www.polstermoebelexperten.com\/en\/wp-json\/wp\/v2\/types\/page"}],"author":[{"embeddable":true,"href":"https:\/\/www.polstermoebelexperten.com\/en\/wp-json\/wp\/v2\/users\/1"}],"replies":[{"embeddable":true,"href":"https:\/\/www.polstermoebelexperten.com\/en\/wp-json\/wp\/v2\/comments?post=21"}],"version-history":[{"count":13,"href":"https:\/\/www.polstermoebelexperten.com\/en\/wp-json\/wp\/v2\/pages\/21\/revisions"}],"predecessor-version":[{"id":168,"href":"https:\/\/www.polstermoebelexperten.com\/en\/wp-json\/wp\/v2\/pages\/21\/revisions\/168"}],"wp:attachment":[{"href":"https:\/\/www.polstermoebelexperten.com\/en\/wp-json\/wp\/v2\/media?parent=21"}],"curies":[{"name":"wp","href":"https:\/\/api.w.org\/{rel}","templated":true}]}}