{"id":23,"date":"2026-01-21T13:23:01","date_gmt":"2026-01-21T12:23:01","guid":{"rendered":"https:\/\/www.polstermoebelexperten.com\/?page_id=23"},"modified":"2026-04-14T12:17:32","modified_gmt":"2026-04-14T10:17:32","slug":"contact","status":"publish","type":"page","link":"https:\/\/www.polstermoebelexperten.com\/en\/kontakt\/","title":{"rendered":"Contact us"},"content":{"rendered":"\n<div class=\"wp-block-group has-global-padding is-layout-constrained wp-block-group-is-layout-constrained\">\n<div class=\"wp-block-columns is-layout-flex wp-container-core-columns-is-layout-28f84493 wp-block-columns-is-layout-flex\">\n<div class=\"wp-block-column is-vertically-aligned-top is-layout-flow wp-block-column-is-layout-flow\" style=\"flex-basis:20%\">\n<div class=\"wp-block-group is-vertical is-nowrap is-layout-flex wp-container-core-group-is-layout-f44fb481 wp-block-group-is-layout-flex\">\n<p style=\"letter-spacing:1px\">POLEX GROUP KFT<\/p>\n\n\n\n<p style=\"font-size:clamp(0.875rem, 0.875rem + ((1vw - 0.2rem) * 0.284), 1rem);letter-spacing:3px\">Budapest &#8211; Hamburg<\/p>\n\n\n\n<p class=\"has-small-font-size\"><a href=\"mailto:info@polstermoebelexperten.com\">info@polstermoebelexperten.com<\/a><\/p>\n\n\n\n<p style=\"letter-spacing:5px\"><a href=\"tel:+36205709190\" type=\"tel\" id=\"tel:+36205709190\">+36 20 570 9190<\/a><\/p>\n\n\n\n<p style=\"letter-spacing:3px\"><a href=\"tel:+4915253136563\">+49 152 5313 6563<\/a><\/p>\n<\/div>\n\n\n\n<div class=\"wp-block-group is-vertical is-nowrap is-layout-flex wp-container-core-group-is-layout-f44fb481 wp-block-group-is-layout-flex\">\n<p style=\"letter-spacing:4px\">Gesch\u00e4ftsf\u00fchrer:<\/p>\n\n\n\n<p style=\"font-size:clamp(0.875rem, 0.875rem + ((1vw - 0.2rem) * 0.739), 1.2rem);letter-spacing:5px\">Zolt\u00e1n GAZDAG<\/p>\n\n\n\n<p style=\"font-size:0.67rem\"><a href=\"mailto:zoltan.gazdag@polstermoebelexperten.com\">zoltan.gazdag@polstermoebelexperten.com<\/a><\/p>\n\n\n\n<p style=\"font-size:0.84rem\"><a href=\"tel:+491632211\">www.poelstermoebelexperten.com<\/a><\/p>\n<\/div>\n<\/div>\n\n\n\n<div class=\"wp-block-column is-layout-flow wp-block-column-is-layout-flow\" style=\"flex-basis:20%\">\n\n<style id=\"fluentform-block-custom-styles-4\">.fluentform.fluentform_wrapper_4.ff_guten_block.ff_guten_block-4 .ff-el-input--label label { font-size: 16px; line-height: 0.5; }\n.fluentform.fluentform_wrapper_4.ff_guten_block.ff_guten_block-4 .ff-el-form-control, .fluentform.fluentform_wrapper_4.ff_guten_block.ff_guten_block-4 .ff-el-input--content input, .fluentform.fluentform_wrapper_4.ff_guten_block.ff_guten_block-4 .ff-el-input--content textarea, .fluentform.fluentform_wrapper_4.ff_guten_block.ff_guten_block-4 .ff-el-input--content select { padding: 0px; }\n.fluentform.fluentform_wrapper_4.ff_guten_block.ff_guten_block-4 .ff-el-form-control, .fluentform.fluentform_wrapper_4.ff_guten_block.ff_guten_block-4 .ff-el-input--content input, .fluentform.fluentform_wrapper_4.ff_guten_block.ff_guten_block-4 .ff-el-input--content textarea, .fluentform.fluentform_wrapper_4.ff_guten_block.ff_guten_block-4 .ff-el-input--content select { background-color: #474747; font-weight: 300; line-height: 0.5; }\n.fluentform.fluentform_wrapper_4.ff_guten_block.ff_guten_block-4 .ff-el-form-control:focus, .fluentform.fluentform_wrapper_4.ff_guten_block.ff_guten_block-4 .ff-el-input--content input:focus, .fluentform.fluentform_wrapper_4.ff_guten_block.ff_guten_block-4 .ff-el-input--content textarea:focus, .fluentform.fluentform_wrapper_4.ff_guten_block.ff_guten_block-4 .ff-el-input--content select:focus { color: #ffffff; background-color: #474747; }\n.fluentform.fluentform_wrapper_4.ff_guten_block.ff_guten_block-4 .ff-el-input--content input::placeholder, .fluentform.fluentform_wrapper_4.ff_guten_block.ff_guten_block-4 .ff-el-input--content textarea::placeholder { font-size: 12px; font-weight: 300; line-height: 0.5; }\n.fluentform.fluentform_wrapper_4.ff_guten_block.ff_guten_block-4 .ff_submit_btn_wrapper .ff-btn-submit { color: #ffffff; background-color: #b5c984; box-shadow: 0px 0px 5px 0px rgba(0,0,0,0.5); }\n.fluentform.fluentform_wrapper_4.ff_guten_block.ff_guten_block-4 .ff_submit_btn_wrapper .ff-btn-submit:hover { color: #ffffff; background-color: #474747; }\n.fluentform.fluentform_wrapper_4.ff_guten_block.ff_guten_block-4 .ff-el-form-check label { color: #d7d7d7; font-size: 10px;; }\n<\/style><div class='fluentform ff-default fluentform_wrapper_4 nomarginstart ff_guten_block ff_guten_block-4 ffs_default_wrap'><form data-form_id=\"4\" id=\"fluentform_4\" class=\"frm-fluent-form fluent_form_4 ff-el-form-top ff_form_instance_4_2 ff-form-loading ffs_default\" data-form_instance=\"ff_form_instance_4_2\" method=\"POST\" ><fieldset  style=\"border: none!important;margin: 0!important;padding: 0!important;background-color: transparent!important;box-shadow: none!important;outline: none!important; min-inline-size: 100%;\">\n                    <legend class=\"ff_screen_reader_title\" style=\"display: block; margin: 0!important;padding: 0!important;height: 0!important;text-indent: -999999px;width: 0!important;overflow:hidden;\">Contact Form EN<\/legend><input type='hidden' name='__fluent_form_embded_post_id' value='23' \/><input type=\"hidden\" id=\"_fluentform_4_fluentformnonce\" name=\"_fluentform_4_fluentformnonce\" value=\"65e62f7976\" \/><input type=\"hidden\" name=\"_wp_http_referer\" value=\"\/en\/wp-json\/wp\/v2\/pages\/23\" \/><div data-type=\"name-element\" data-name=\"names\" class=\" ff-field_container ff-name-field-wrapper\" ><div class='ff-t-container'><div class='ff-t-cell '><div class='ff-el-group'><div class=\"ff-el-input--label asterisk-right\"><label for='ff_4_2_names_first_name_' id='label_ff_4_2_names_first_name_' >Your Name:<\/label><\/div><div class='ff-el-input--content'><input type=\"text\" name=\"names[first_name]\" id=\"ff_4_2_names_first_name_\" class=\"ff-el-form-control\" aria-invalid=\"false\" aria-required=false><\/div><\/div><\/div><\/div><\/div><div class='ff-el-group'><div class=\"ff-el-input--label ff-el-is-required asterisk-right\"><label for='ff_4_2_email' id='label_ff_4_2_email' aria-label=\"Your email address:\">Your email address:<\/label><\/div><div class='ff-el-input--content'><input type=\"email\" name=\"email\" id=\"ff_4_2_email\" class=\"ff-el-form-control\" data-name=\"email\"  aria-invalid=\"false\" aria-required=true><\/div><\/div><div class='ff-el-group'><div class=\"ff-el-input--label ff-el-is-required asterisk-right\"><label for='ff_4_2_message' id='label_ff_4_2_message' aria-label=\"Your message:\">Your message:<\/label><\/div><div class='ff-el-input--content'><textarea aria-required=\"true\" aria-labelledby=\"label_ff_4_2_message\" name=\"message\" id=\"ff_4_2_message\" class=\"ff-el-form-control\" rows=\"4\" cols=\"2\" data-name=\"message\" ><\/textarea><\/div><\/div><div class='ff-el-group    ff-el-input--content'><div class='ff-el-form-check ff-el-tc'><label aria-label='I have read the privacy policy. I agree that my information and data will be collected and stored electronically to answer my inquiry. I can revoke my consent at any time for the future by sending an email to info@polstermoebelexperten.com.' class='ff-el-form-check-label ff_tc_label' for=gdpr-agreement_2b3c002f62a7d6763cfc367826f26290><span class='ff_tc_checkbox'><input type=\"checkbox\" name=\"gdpr-agreement\" class=\"ff-el-form-check-input ff_gdpr_field\" data-name=\"gdpr-agreement\" id=\"gdpr-agreement_2b3c002f62a7d6763cfc367826f26290\"  value='on' aria-invalid='false' aria-required=true><\/span> <div class='ff_t_c'>I have read the privacy policy. I agree that my information and data will be collected and stored electronically to answer my inquiry. I can revoke my consent at any time for the future by sending an email to info@polstermoebelexperten.com.<\/div><\/label><\/div><\/div><div class='ff-el-group ff-text-left ff_submit_btn_wrapper'><button type=\"submit\" class=\"ff-btn ff-btn-submit ff-btn-md ff_btn_style\"  aria-label=\"Send\">Send<\/button><\/div><\/fieldset><\/form><div id='fluentform_4_errors' class='ff-errors-in-stack ff_form_instance_4_2 ff-form-loading_errors ff_form_instance_4_2_errors'><\/div><\/div>            <script type=\"text\/javascript\">\n                window.fluent_form_ff_form_instance_4_2 = {\"id\":\"4\",\"settings\":{\"layout\":{\"labelPlacement\":\"top\",\"asteriskPlacement\":\"asterisk-right\",\"helpMessagePlacement\":\"with_label\",\"errorMessagePlacement\":\"inline\",\"cssClassName\":\"\"},\"restrictions\":{\"denyEmptySubmission\":{\"enabled\":false}}},\"form_instance\":\"ff_form_instance_4_2\",\"form_id_selector\":\"fluentform_4\",\"rules\":{\"names[first_name]\":{\"required\":{\"value\":false,\"message\":\"This field is required\",\"global\":true,\"global_message\":\"Ez egy k\\u00f6telez\\u0151 mez\\u0151\"}},\"names[middle_name]\":{\"required\":{\"value\":false,\"message\":\"This field is required\",\"global\":true,\"global_message\":\"Ez egy k\\u00f6telez\\u0151 mez\\u0151\"}},\"names[last_name]\":{\"required\":{\"value\":false,\"message\":\"This field is required\",\"global\":true,\"global_message\":\"Ez egy k\\u00f6telez\\u0151 mez\\u0151\"}},\"email\":{\"required\":{\"value\":true,\"message\":\"This field is required\",\"global\":true,\"global_message\":\"Ez egy k\\u00f6telez\\u0151 mez\\u0151\"},\"email\":{\"value\":true,\"message\":\"This field must contain a valid email\",\"global\":true,\"global_message\":\"A mez\\u0151nek \\u00e9rv\\u00e9nyes emailc\\u00edmet kell tartalmaznia\"}},\"message\":{\"required\":{\"value\":true,\"message\":\"This field is required\",\"global\":true,\"global_message\":\"Ez egy k\\u00f6telez\\u0151 mez\\u0151\"}},\"gdpr-agreement\":{\"required\":{\"value\":true,\"message\":\"Ez egy k\\u00f6telez\\u0151 mez\\u0151\",\"global_message\":\"Ez egy k\\u00f6telez\\u0151 mez\\u0151\",\"global\":false}}},\"debounce_time\":300};\n                            <\/script>\n            <\/div>\n\n\n\n<div class=\"wp-block-column is-layout-flow wp-block-column-is-layout-flow\" style=\"flex-basis:10%\"><\/div>\n\n\n\n<div class=\"wp-block-column is-vertically-aligned-top is-layout-flow wp-block-column-is-layout-flow\" style=\"flex-basis:50%\">\n<figure class=\"wp-block-image aligncenter size-full\"><img loading=\"lazy\" decoding=\"async\" width=\"500\" height=\"499\" src=\"https:\/\/www.polstermoebelexperten.com\/wp-content\/uploads\/2026\/01\/hamburg-bp_2.webp\" alt=\"Hamburg - Budapest Polsterexperten\" class=\"wp-image-125\" srcset=\"https:\/\/www.polstermoebelexperten.com\/wp-content\/uploads\/2026\/01\/hamburg-bp_2.webp 500w, https:\/\/www.polstermoebelexperten.com\/wp-content\/uploads\/2026\/01\/hamburg-bp_2-300x300.webp 300w, https:\/\/www.polstermoebelexperten.com\/wp-content\/uploads\/2026\/01\/hamburg-bp_2-150x150.webp 150w, https:\/\/www.polstermoebelexperten.com\/wp-content\/uploads\/2026\/01\/hamburg-bp_2-12x12.webp 12w\" sizes=\"auto, (max-width: 500px) 100vw, 500px\" \/><\/figure>\n<\/div>\n<\/div>\n<\/div>\n","protected":false},"excerpt":{"rendered":"<p>POLEX GROUP KFT Budapest &#8211; Hamburg info@polstermoebelexperten.com +36 20 570 9190 +49 152 5313 6563 Gesch\u00e4ftsf\u00fchrer: Zolt\u00e1n GAZDAG zoltan.gazdag@polstermoebelexperten.com www.poelstermoebelexperten.com<\/p>","protected":false},"author":1,"featured_media":0,"parent":0,"menu_order":0,"comment_status":"closed","ping_status":"closed","template":"page-no-title","meta":{"footnotes":""},"class_list":["post-23","page","type-page","status-publish","hentry"],"yoast_head":"<!-- This site is optimized with the Yoast SEO plugin v27.4 - https:\/\/yoast.com\/product\/yoast-seo-wordpress\/ -->\n<title>Kontakt - Polex Group Kft<\/title>\n<meta name=\"description\" content=\"Wir sind Polsterexperten mit Spezialisierung auf Reparaturen vor Ort. Komplette Neupolsterung von M\u00f6beln, Lederarbeiten, N\u00e4harbeiten, Reparatur von Gestellen? Wir helfen Ihnen gerne!\" \/>\n<meta name=\"robots\" content=\"index, follow, max-snippet:-1, max-image-preview:large, max-video-preview:-1\" \/>\n<link rel=\"canonical\" href=\"https:\/\/www.polstermoebelexperten.com\/en\/contact\/\" \/>\n<meta property=\"og:locale\" content=\"en_GB\" \/>\n<meta property=\"og:type\" content=\"article\" \/>\n<meta property=\"og:title\" content=\"Kontakt - Polex Group Kft\" \/>\n<meta property=\"og:description\" content=\"Wir sind Polsterexperten mit Spezialisierung auf Reparaturen vor Ort. Komplette Neupolsterung von M\u00f6beln, Lederarbeiten, N\u00e4harbeiten, Reparatur von Gestellen? Wir helfen Ihnen gerne!\" \/>\n<meta property=\"og:url\" content=\"https:\/\/www.polstermoebelexperten.com\/en\/contact\/\" \/>\n<meta property=\"og:site_name\" content=\"Polex Group Kft\" \/>\n<meta property=\"article:modified_time\" content=\"2026-04-14T10:17:32+00:00\" \/>\n<meta property=\"og:image\" content=\"https:\/\/www.polstermoebelexperten.com\/wp-content\/uploads\/2026\/01\/hamburg-bp_2.webp\" \/>\n\t<meta property=\"og:image:width\" content=\"500\" \/>\n\t<meta property=\"og:image:height\" content=\"499\" \/>\n\t<meta property=\"og:image:type\" content=\"image\/webp\" \/>\n<meta name=\"twitter:card\" content=\"summary_large_image\" \/>\n<meta name=\"twitter:label1\" content=\"Estimated reading time\" \/>\n\t<meta name=\"twitter:data1\" content=\"1 minute\" \/>\n<script type=\"application\/ld+json\" class=\"yoast-schema-graph\">{\"@context\":\"https:\\\/\\\/schema.org\",\"@graph\":[{\"@type\":\"WebPage\",\"@id\":\"https:\\\/\\\/www.polstermoebelexperten.com\\\/kontakt\\\/\",\"url\":\"https:\\\/\\\/www.polstermoebelexperten.com\\\/kontakt\\\/\",\"name\":\"Kontakt - Polex Group Kft\",\"isPartOf\":{\"@id\":\"https:\\\/\\\/www.polstermoebelexperten.com\\\/#website\"},\"primaryImageOfPage\":{\"@id\":\"https:\\\/\\\/www.polstermoebelexperten.com\\\/kontakt\\\/#primaryimage\"},\"image\":{\"@id\":\"https:\\\/\\\/www.polstermoebelexperten.com\\\/kontakt\\\/#primaryimage\"},\"thumbnailUrl\":\"https:\\\/\\\/www.polstermoebelexperten.com\\\/wp-content\\\/uploads\\\/2026\\\/01\\\/hamburg-bp_2.webp\",\"datePublished\":\"2026-01-21T12:23:01+00:00\",\"dateModified\":\"2026-04-14T10:17:32+00:00\",\"description\":\"Wir sind Polsterexperten mit Spezialisierung auf Reparaturen vor Ort. Komplette Neupolsterung von M\u00f6beln, Lederarbeiten, N\u00e4harbeiten, Reparatur von Gestellen? Wir helfen Ihnen gerne!\",\"breadcrumb\":{\"@id\":\"https:\\\/\\\/www.polstermoebelexperten.com\\\/kontakt\\\/#breadcrumb\"},\"inLanguage\":\"en-GB\",\"potentialAction\":[{\"@type\":\"ReadAction\",\"target\":[\"https:\\\/\\\/www.polstermoebelexperten.com\\\/kontakt\\\/\"]}]},{\"@type\":\"ImageObject\",\"inLanguage\":\"en-GB\",\"@id\":\"https:\\\/\\\/www.polstermoebelexperten.com\\\/kontakt\\\/#primaryimage\",\"url\":\"https:\\\/\\\/www.polstermoebelexperten.com\\\/wp-content\\\/uploads\\\/2026\\\/01\\\/hamburg-bp_2.webp\",\"contentUrl\":\"https:\\\/\\\/www.polstermoebelexperten.com\\\/wp-content\\\/uploads\\\/2026\\\/01\\\/hamburg-bp_2.webp\"},{\"@type\":\"BreadcrumbList\",\"@id\":\"https:\\\/\\\/www.polstermoebelexperten.com\\\/kontakt\\\/#breadcrumb\",\"itemListElement\":[{\"@type\":\"ListItem\",\"position\":1,\"name\":\"Kezd\u0151lap\",\"item\":\"https:\\\/\\\/www.polstermoebelexperten.com\\\/\"},{\"@type\":\"ListItem\",\"position\":2,\"name\":\"Kontakt\"}]},{\"@type\":\"WebSite\",\"@id\":\"https:\\\/\\\/www.polstermoebelexperten.com\\\/#website\",\"url\":\"https:\\\/\\\/www.polstermoebelexperten.com\\\/\",\"name\":\"Polex Group Kft\",\"description\":\"Wir sind Polster Experten mit Spezialisierung auf Reparaturen vor Ort. Komplette Neupolsterung von M\u00f6beln, Lederarbeiten, N\u00e4harbeiten, Reparatur von Gestellen.\",\"publisher\":{\"@id\":\"https:\\\/\\\/www.polstermoebelexperten.com\\\/#organization\"},\"alternateName\":\"Wir sind Polster Experten mit Spezialisierung auf Reparaturen vor Ort. Komplette Neupolsterung von M\u00f6beln, Lederarbeiten, N\u00e4harbeiten, Reparatur von Gestellen.\",\"potentialAction\":[{\"@type\":\"SearchAction\",\"target\":{\"@type\":\"EntryPoint\",\"urlTemplate\":\"https:\\\/\\\/www.polstermoebelexperten.com\\\/?s={search_term_string}\"},\"query-input\":{\"@type\":\"PropertyValueSpecification\",\"valueRequired\":true,\"valueName\":\"search_term_string\"}}],\"inLanguage\":\"en-GB\"},{\"@type\":\"Organization\",\"@id\":\"https:\\\/\\\/www.polstermoebelexperten.com\\\/#organization\",\"name\":\"Polex Group Kft.\",\"alternateName\":\"Polex Moebele Experten\",\"url\":\"https:\\\/\\\/www.polstermoebelexperten.com\\\/\",\"logo\":{\"@type\":\"ImageObject\",\"inLanguage\":\"en-GB\",\"@id\":\"https:\\\/\\\/www.polstermoebelexperten.com\\\/#\\\/schema\\\/logo\\\/image\\\/\",\"url\":\"https:\\\/\\\/www.polstermoebelexperten.com\\\/wp-content\\\/uploads\\\/2026\\\/01\\\/POLEX-logo.webp\",\"contentUrl\":\"https:\\\/\\\/www.polstermoebelexperten.com\\\/wp-content\\\/uploads\\\/2026\\\/01\\\/POLEX-logo.webp\",\"width\":567,\"height\":567,\"caption\":\"Polex Group Kft.\"},\"image\":{\"@id\":\"https:\\\/\\\/www.polstermoebelexperten.com\\\/#\\\/schema\\\/logo\\\/image\\\/\"}}]}<\/script>\n<!-- \/ Yoast SEO plugin. -->","yoast_head_json":{"title":"Kontakt - Polex Group Kft","description":"Wir sind Polsterexperten mit Spezialisierung auf Reparaturen vor Ort. Komplette Neupolsterung von M\u00f6beln, Lederarbeiten, N\u00e4harbeiten, Reparatur von Gestellen? Wir helfen Ihnen gerne!","robots":{"index":"index","follow":"follow","max-snippet":"max-snippet:-1","max-image-preview":"max-image-preview:large","max-video-preview":"max-video-preview:-1"},"canonical":"https:\/\/www.polstermoebelexperten.com\/en\/contact\/","og_locale":"en_GB","og_type":"article","og_title":"Kontakt - Polex Group Kft","og_description":"Wir sind Polsterexperten mit Spezialisierung auf Reparaturen vor Ort. Komplette Neupolsterung von M\u00f6beln, Lederarbeiten, N\u00e4harbeiten, Reparatur von Gestellen? Wir helfen Ihnen gerne!","og_url":"https:\/\/www.polstermoebelexperten.com\/en\/contact\/","og_site_name":"Polex Group Kft","article_modified_time":"2026-04-14T10:17:32+00:00","og_image":[{"width":500,"height":499,"url":"https:\/\/www.polstermoebelexperten.com\/wp-content\/uploads\/2026\/01\/hamburg-bp_2.webp","type":"image\/webp"}],"twitter_card":"summary_large_image","twitter_misc":{"Estimated reading time":"1 minute"},"schema":{"@context":"https:\/\/schema.org","@graph":[{"@type":"WebPage","@id":"https:\/\/www.polstermoebelexperten.com\/kontakt\/","url":"https:\/\/www.polstermoebelexperten.com\/kontakt\/","name":"Kontakt - Polex Group Kft","isPartOf":{"@id":"https:\/\/www.polstermoebelexperten.com\/#website"},"primaryImageOfPage":{"@id":"https:\/\/www.polstermoebelexperten.com\/kontakt\/#primaryimage"},"image":{"@id":"https:\/\/www.polstermoebelexperten.com\/kontakt\/#primaryimage"},"thumbnailUrl":"https:\/\/www.polstermoebelexperten.com\/wp-content\/uploads\/2026\/01\/hamburg-bp_2.webp","datePublished":"2026-01-21T12:23:01+00:00","dateModified":"2026-04-14T10:17:32+00:00","description":"Wir sind Polsterexperten mit Spezialisierung auf Reparaturen vor Ort. Komplette Neupolsterung von M\u00f6beln, Lederarbeiten, N\u00e4harbeiten, Reparatur von Gestellen? Wir helfen Ihnen gerne!","breadcrumb":{"@id":"https:\/\/www.polstermoebelexperten.com\/kontakt\/#breadcrumb"},"inLanguage":"en-GB","potentialAction":[{"@type":"ReadAction","target":["https:\/\/www.polstermoebelexperten.com\/kontakt\/"]}]},{"@type":"ImageObject","inLanguage":"en-GB","@id":"https:\/\/www.polstermoebelexperten.com\/kontakt\/#primaryimage","url":"https:\/\/www.polstermoebelexperten.com\/wp-content\/uploads\/2026\/01\/hamburg-bp_2.webp","contentUrl":"https:\/\/www.polstermoebelexperten.com\/wp-content\/uploads\/2026\/01\/hamburg-bp_2.webp"},{"@type":"BreadcrumbList","@id":"https:\/\/www.polstermoebelexperten.com\/kontakt\/#breadcrumb","itemListElement":[{"@type":"ListItem","position":1,"name":"Kezd\u0151lap","item":"https:\/\/www.polstermoebelexperten.com\/"},{"@type":"ListItem","position":2,"name":"Kontakt"}]},{"@type":"WebSite","@id":"https:\/\/www.polstermoebelexperten.com\/#website","url":"https:\/\/www.polstermoebelexperten.com\/","name":"Polex Group Kft","description":"Wir sind Polster Experten mit Spezialisierung auf Reparaturen vor Ort. Komplette Neupolsterung von M\u00f6beln, Lederarbeiten, N\u00e4harbeiten, Reparatur von Gestellen.","publisher":{"@id":"https:\/\/www.polstermoebelexperten.com\/#organization"},"alternateName":"Wir sind Polster Experten mit Spezialisierung auf Reparaturen vor Ort. Komplette Neupolsterung von M\u00f6beln, Lederarbeiten, N\u00e4harbeiten, Reparatur von Gestellen.","potentialAction":[{"@type":"SearchAction","target":{"@type":"EntryPoint","urlTemplate":"https:\/\/www.polstermoebelexperten.com\/?s={search_term_string}"},"query-input":{"@type":"PropertyValueSpecification","valueRequired":true,"valueName":"search_term_string"}}],"inLanguage":"en-GB"},{"@type":"Organization","@id":"https:\/\/www.polstermoebelexperten.com\/#organization","name":"Polex Group Kft.","alternateName":"Polex Moebele Experten","url":"https:\/\/www.polstermoebelexperten.com\/","logo":{"@type":"ImageObject","inLanguage":"en-GB","@id":"https:\/\/www.polstermoebelexperten.com\/#\/schema\/logo\/image\/","url":"https:\/\/www.polstermoebelexperten.com\/wp-content\/uploads\/2026\/01\/POLEX-logo.webp","contentUrl":"https:\/\/www.polstermoebelexperten.com\/wp-content\/uploads\/2026\/01\/POLEX-logo.webp","width":567,"height":567,"caption":"Polex Group Kft."},"image":{"@id":"https:\/\/www.polstermoebelexperten.com\/#\/schema\/logo\/image\/"}}]}},"_links":{"self":[{"href":"https:\/\/www.polstermoebelexperten.com\/en\/wp-json\/wp\/v2\/pages\/23","targetHints":{"allow":["GET"]}}],"collection":[{"href":"https:\/\/www.polstermoebelexperten.com\/en\/wp-json\/wp\/v2\/pages"}],"about":[{"href":"https:\/\/www.polstermoebelexperten.com\/en\/wp-json\/wp\/v2\/types\/page"}],"author":[{"embeddable":true,"href":"https:\/\/www.polstermoebelexperten.com\/en\/wp-json\/wp\/v2\/users\/1"}],"replies":[{"embeddable":true,"href":"https:\/\/www.polstermoebelexperten.com\/en\/wp-json\/wp\/v2\/comments?post=23"}],"version-history":[{"count":50,"href":"https:\/\/www.polstermoebelexperten.com\/en\/wp-json\/wp\/v2\/pages\/23\/revisions"}],"predecessor-version":[{"id":179,"href":"https:\/\/www.polstermoebelexperten.com\/en\/wp-json\/wp\/v2\/pages\/23\/revisions\/179"}],"wp:attachment":[{"href":"https:\/\/www.polstermoebelexperten.com\/en\/wp-json\/wp\/v2\/media?parent=23"}],"curies":[{"name":"wp","href":"https:\/\/api.w.org\/{rel}","templated":true}]}}